{"id":7,"date":"2020-12-21T14:38:45","date_gmt":"2020-12-21T14:38:45","guid":{"rendered":"https:\/\/annette-erbe.de\/?page_id=7"},"modified":"2020-12-30T21:20:32","modified_gmt":"2020-12-30T21:20:32","slug":"ueber-mich","status":"publish","type":"page","link":"https:\/\/annette-erbe.de\/de\/ueber-mich","title":{"rendered":"\u00dcber mich"},"content":{"rendered":"\n<div class=\"wp-block-image\"><figure class=\"alignleft size-full is-resized\"><img loading=\"lazy\" decoding=\"async\" src=\"https:\/\/annette-erbe.de\/wp-content\/uploads\/2020\/12\/007-Annette2019-5069.jpg\" alt=\"\" class=\"wp-image-27\" width=\"230\" height=\"344\" srcset=\"https:\/\/annette-erbe.de\/wp-content\/uploads\/2020\/12\/007-Annette2019-5069.jpg 1200w, https:\/\/annette-erbe.de\/wp-content\/uploads\/2020\/12\/007-Annette2019-5069-200x300.jpg 200w, https:\/\/annette-erbe.de\/wp-content\/uploads\/2020\/12\/007-Annette2019-5069-683x1024.jpg 683w, https:\/\/annette-erbe.de\/wp-content\/uploads\/2020\/12\/007-Annette2019-5069-768x1151.jpg 768w, https:\/\/annette-erbe.de\/wp-content\/uploads\/2020\/12\/007-Annette2019-5069-1025x1536.jpg 1025w\" sizes=\"auto, (max-width: 230px) 100vw, 230px\" \/><figcaption>Annette Erbe<\/figcaption><\/figure><\/div>\n\n\n\n<p>Ich arbeite in Berlin als freie Journalistin f\u00fcr japanische Auftraggeber \u00fcberwiegend aus dem Medien-Bereich. Dies sind vor allem japanische TV-Redaktionen und Produktionsfirmen sowie Printmedien, deren Projekte in Deutschland und anderen europ\u00e4ischen L\u00e4ndern ich von der Recherche \u00fcber die Planung bis zur Koordination der Aufnahmen vor Ort realisiere.<\/p>\n\n\n\n<p>Seit 2019 bin ich selbstst\u00e4ndig; von 2002 bis 2019 habe ich als Researcher &amp; Coordinator bei der Yon\u2019s Film &amp; Video Production GmbH gearbeitet.<\/p>\n\n\n\n<p>Zuvor war ich von 1992 bis 2001 in Forschung und Lehre der Japanologie t\u00e4tig, als wissenschaftliche Mitarbeiterin am Lehrstuhl f\u00fcr Japanologie der Martin-Luther-Universit\u00e4t Halle-Wittenberg und als Gastforscherin an der Kyoto-Universit\u00e4t.<\/p>\n\n\n\n<p>Ich habe an der Freien Universit\u00e4t Berlin Japanologie und Anglistik studiert und mit dem M.A. abgeschlossen.<\/p>\n","protected":false},"excerpt":{"rendered":"<p>Ich arbeite in Berlin als freie Journalistin f\u00fcr japanische Auftraggeber \u00fcberwiegend aus dem Medien-Bereich. Dies sind vor allem japanische TV-Redaktionen und Produktionsfirmen sowie Printmedien, deren Projekte in Deutschland und anderen europ\u00e4ischen L\u00e4ndern ich von der Recherche \u00fcber die Planung bis zur Koordination der Aufnahmen vor Ort realisiere. Seit 2019 bin ich selbstst\u00e4ndig; von 2002 bis [&hellip;]<\/p>\n","protected":false},"author":1,"featured_media":0,"parent":0,"menu_order":0,"comment_status":"closed","ping_status":"closed","template":"","meta":{"footnotes":""},"class_list":["post-7","page","type-page","status-publish","hentry"],"_links":{"self":[{"href":"https:\/\/annette-erbe.de\/de\/wp-json\/wp\/v2\/pages\/7","targetHints":{"allow":["GET"]}}],"collection":[{"href":"https:\/\/annette-erbe.de\/de\/wp-json\/wp\/v2\/pages"}],"about":[{"href":"https:\/\/annette-erbe.de\/de\/wp-json\/wp\/v2\/types\/page"}],"author":[{"embeddable":true,"href":"https:\/\/annette-erbe.de\/de\/wp-json\/wp\/v2\/users\/1"}],"replies":[{"embeddable":true,"href":"https:\/\/annette-erbe.de\/de\/wp-json\/wp\/v2\/comments?post=7"}],"version-history":[{"count":6,"href":"https:\/\/annette-erbe.de\/de\/wp-json\/wp\/v2\/pages\/7\/revisions"}],"predecessor-version":[{"id":536,"href":"https:\/\/annette-erbe.de\/de\/wp-json\/wp\/v2\/pages\/7\/revisions\/536"}],"wp:attachment":[{"href":"https:\/\/annette-erbe.de\/de\/wp-json\/wp\/v2\/media?parent=7"}],"curies":[{"name":"wp","href":"https:\/\/api.w.org\/{rel}","templated":true}]}}