{"id":13,"date":"2020-12-21T14:46:42","date_gmt":"2020-12-21T14:46:42","guid":{"rendered":"https:\/\/annette-erbe.de\/?page_id=13"},"modified":"2021-01-29T13:58:33","modified_gmt":"2021-01-29T13:58:33","slug":"services","status":"publish","type":"page","link":"https:\/\/annette-erbe.de\/de\/services","title":{"rendered":"Leistungen"},"content":{"rendered":"\n<div class=\"wp-block-columns is-layout-flex wp-container-core-columns-is-layout-9d6595d7 wp-block-columns-is-layout-flex\">\n<div class=\"wp-block-column is-layout-flow wp-block-column-is-layout-flow\" style=\"flex-basis:80%\">\n<p>Recherche, \u00dcbersetzung von Material, Drehort-Suche, Einholen von Drehgenehmigungen, Zusammenstellen von Crew, bei fiktionalem Anteil auch Casting von Darsteller*innen und Kompars*innen, Drehplanung und Dispo, Koordination von Dreharbeiten, Dolmetschen bei Interviews, Aufnahmeleitung, Besorgen von Fotos\/Footage, Rechtekl\u00e4rung u.a.<\/p>\n\n\n\n<p>&#8211; f\u00fcr Redaktionen von Fernsehsendern und Produktionsfirmen<br>&#8211; f\u00fcr Printmedien<br>&#8211; f\u00fcr gewerbliche Auftraggeber*innen <\/p>\n\n\n\n<p>Ferner auch Medien- u.a. Support bei Ausstellungen, Messen und anderen Veranstaltungen, sowie<\/p>\n\n\n\n<p> Dolmetschen f\u00fcr Studien- und Forschungsreisen<\/p>\n<\/div>\n\n\n\n<div class=\"wp-block-column is-layout-flow wp-block-column-is-layout-flow\" style=\"flex-basis:33.33%\"><\/div>\n<\/div>\n\n\n\n<p><\/p>\n","protected":false},"excerpt":{"rendered":"<p>Recherche, \u00dcbersetzung von Material, Drehort-Suche, Einholen von Drehgenehmigungen, Zusammenstellen von Crew, bei fiktionalem Anteil auch Casting von Darsteller*innen und Kompars*innen, Drehplanung und Dispo, Koordination von Dreharbeiten, Dolmetschen bei Interviews, Aufnahmeleitung, Besorgen von Fotos\/Footage, Rechtekl\u00e4rung u.a. &#8211; f\u00fcr Redaktionen von Fernsehsendern und Produktionsfirmen&#8211; f\u00fcr Printmedien&#8211; f\u00fcr gewerbliche Auftraggeber*innen Ferner auch Medien- u.a. Support bei Ausstellungen, Messen [&hellip;]<\/p>\n","protected":false},"author":1,"featured_media":0,"parent":0,"menu_order":0,"comment_status":"closed","ping_status":"closed","template":"","meta":{"footnotes":""},"class_list":["post-13","page","type-page","status-publish","hentry"],"_links":{"self":[{"href":"https:\/\/annette-erbe.de\/de\/wp-json\/wp\/v2\/pages\/13","targetHints":{"allow":["GET"]}}],"collection":[{"href":"https:\/\/annette-erbe.de\/de\/wp-json\/wp\/v2\/pages"}],"about":[{"href":"https:\/\/annette-erbe.de\/de\/wp-json\/wp\/v2\/types\/page"}],"author":[{"embeddable":true,"href":"https:\/\/annette-erbe.de\/de\/wp-json\/wp\/v2\/users\/1"}],"replies":[{"embeddable":true,"href":"https:\/\/annette-erbe.de\/de\/wp-json\/wp\/v2\/comments?post=13"}],"version-history":[{"count":6,"href":"https:\/\/annette-erbe.de\/de\/wp-json\/wp\/v2\/pages\/13\/revisions"}],"predecessor-version":[{"id":641,"href":"https:\/\/annette-erbe.de\/de\/wp-json\/wp\/v2\/pages\/13\/revisions\/641"}],"wp:attachment":[{"href":"https:\/\/annette-erbe.de\/de\/wp-json\/wp\/v2\/media?parent=13"}],"curies":[{"name":"wp","href":"https:\/\/api.w.org\/{rel}","templated":true}]}}